{"id":972,"date":"2021-04-27T18:50:07","date_gmt":"2021-04-27T18:50:07","guid":{"rendered":"https:\/\/www.himmelluepfer.ch\/?post_type=product&#038;p=972"},"modified":"2024-04-15T07:19:17","modified_gmt":"2024-04-15T06:19:17","slug":"dielenberger-regent-rose-2020","status":"publish","type":"product","link":"https:\/\/www.himmelluepfer.ch\/index.php\/produkt\/dielenberger-regent-rose-2020\/","title":{"rendered":"Himmell\u00fcpfer Regent Ros\u00e9"},"content":{"rendered":"<h5><\/h5>\n<h4><hr class=\"no_line\" style=\"margin: 0 auto 30px auto\"\/>\n<\/h4>\n<h3>Dielenberger Regent Ros\u00e9<\/h3>\n<h4>Jahrgang 2023<\/h4>\n<h4>AOC Basellandschaft<\/h4>\n<h5>Beschrieb<\/h5>\n<p>Farbe: Himbeerrosa, leicht, sehr fein und elegant, mit mineralischen<br \/>\nDuftnoten. Fruchtiger Anklang von Erd- und Himbeeren.<br \/>\nEin s\u00fcffiger Schmeichler!<br \/>\nPasst immer: vor allem im Sommer.<\/p>\n<p>Dieser Wein w\u00e4chst im h\u00f6chstgelegenen Rebberg des Kantons Basel-Landschaft (600 m.\u00fc.M.).<br \/>\nSeit 1680 wird am Dielenberg Weinbau betrieben.<br \/>\nDie Sonnenseite des Dielenberges gilt als einer der \u00f6kologisch wertvollsten Rebh\u00e4nge im Baselbiet.<br \/>\nDie Biodiversit\u00e4t ist erhalten geblieben, weil eine mechanische Bewirtschaftung infolge der 60%<br \/>\nSteilheit ausgeschlossen ist.<br \/>\nSolides und ehrliches \u00abBaselbieter Weinhandwerk\u00bb.<\/p>\n<h5>Herstellung<\/h5>\n<p>Ganztrauben-Pressung direkt nach Weinlese.<br \/>\nTemperaturkontrollierte G\u00e4rung im<br \/>\nEdelstahltank mit anschliessendem<br \/>\nAusbau auf der Feinhefe.<\/p>\n<h5>Daten<\/h5>\n<ul>\n<li>Trauben: <strong>100% Regent<\/strong><\/li>\n<li>Flascheninhalt: <strong>50 cl.<\/strong><\/li>\n<li>Trinkreife: <strong>1 &#8211; 2 Jahre<\/strong><\/li>\n<li>Alkoholgehalt: <strong>11.5 % vol.<\/strong><\/li>\n<li>Trinktemparatur <strong>8 &#8211; 10 Grad<\/strong><\/li>\n<li>Verschluss: <strong>Drehverschluss 30&#215;60<\/strong><\/li>\n<\/ul>\n<p>Zum Download: <a href=\"https:\/\/www.himmelluepfer.ch\/wp-content\/uploads\/2021\/04\/Datenblatt-Regent-Rose-2020.pdf\">Datenblatt Regent Ros\u00e9<\/a><\/p>\n","protected":false},"excerpt":{"rendered":"<h4>Regent Ros\u00e9<\/h4>\n<p class=\"big\">Jahrgang 2023<\/p>\n<h5 class=\"themecolor\">AOC Basellandschaft<\/h5>\n<p><strong>Flascheninhalt 50 cl.<\/strong><\/p>\n<p>Dieser spritzig-frische Ros\u00e9 aus Regent-Trauben w\u00e4chst im h\u00f6chstgelegenen Rebberg des Kantons Basel-Landschaft (600 m.\u00fc.M.).<\/p>\n","protected":false},"featured_media":760,"template":"","meta":[],"product_brand":[],"product_cat":[41],"product_tag":[],"class_list":{"0":"post-972","1":"product","2":"type-product","3":"status-publish","4":"has-post-thumbnail","6":"product_cat-rose","8":"first","9":"instock","10":"purchasable","11":"product-type-simple"},"_links":{"self":[{"href":"https:\/\/www.himmelluepfer.ch\/index.php\/wp-json\/wp\/v2\/product\/972","targetHints":{"allow":["GET"]}}],"collection":[{"href":"https:\/\/www.himmelluepfer.ch\/index.php\/wp-json\/wp\/v2\/product"}],"about":[{"href":"https:\/\/www.himmelluepfer.ch\/index.php\/wp-json\/wp\/v2\/types\/product"}],"wp:featuredmedia":[{"embeddable":true,"href":"https:\/\/www.himmelluepfer.ch\/index.php\/wp-json\/wp\/v2\/media\/760"}],"wp:attachment":[{"href":"https:\/\/www.himmelluepfer.ch\/index.php\/wp-json\/wp\/v2\/media?parent=972"}],"wp:term":[{"taxonomy":"product_brand","embeddable":true,"href":"https:\/\/www.himmelluepfer.ch\/index.php\/wp-json\/wp\/v2\/product_brand?post=972"},{"taxonomy":"product_cat","embeddable":true,"href":"https:\/\/www.himmelluepfer.ch\/index.php\/wp-json\/wp\/v2\/product_cat?post=972"},{"taxonomy":"product_tag","embeddable":true,"href":"https:\/\/www.himmelluepfer.ch\/index.php\/wp-json\/wp\/v2\/product_tag?post=972"}],"curies":[{"name":"wp","href":"https:\/\/api.w.org\/{rel}","templated":true}]}}