{"id":1383,"date":"2022-12-13T09:52:16","date_gmt":"2022-12-13T09:52:16","guid":{"rendered":"https:\/\/www.himmelluepfer.ch\/?post_type=product&#038;p=1383"},"modified":"2024-04-10T11:22:13","modified_gmt":"2024-04-10T10:22:13","slug":"himmelluefper-johanniter-2021","status":"publish","type":"product","link":"https:\/\/www.himmelluepfer.ch\/index.php\/produkt\/himmelluefper-johanniter-2021\/","title":{"rendered":"Himmell\u00fcpfer Johanniter"},"content":{"rendered":"<h5><\/h5>\n<h4><hr class=\"no_line\" style=\"margin: 0 auto 30px auto\"\/>\n<\/h4>\n<h3>Johanniter<\/h3>\n<h4>Jahrgang 2023<\/h4>\n<h4>AOC Basellandschaft<\/h4>\n<h5>Beschrieb<\/h5>\n<p>S\u00fcffiger, blumiger, spritziger, eleganter und \u201eterroir-typischer Weisswein\u201c<br \/>\naus Dielenberger Scholle mit angenehmem Muskatton und milder S\u00e4ure.<br \/>\nDuftende Aromen nach gr\u00fcnen \u00c4pfeln und Grapefruit. Unser Klassiker!<\/p>\n<p>Dieser Wein w\u00e4chst im h\u00f6chstgelegenen Rebberg des Kantons Basel-Landschaft (600 m.\u00fc.M.).<br \/>\nSeit 1680 wird am Dielenberg Weinbau betrieben.<br \/>\nDie Sonnenseite des Dielenberges gilt als einer der \u00f6kologisch wertvollsten Rebh\u00e4nge im Baselbiet.<br \/>\nDie Biodiversit\u00e4t ist erhalten geblieben, weil eine mechanische Bewirtschaftung infolge der 60%<br \/>\nSteilheit ausgeschlossen ist.<br \/>\nSolides und ehrliches \u00abBaselbieter Weinhandwerk\u00bb.<\/p>\n<h5>Herstellung<\/h5>\n<p>Temperaturkontrollierte G\u00e4rung im<br \/>\nEdelstahltank mit anschliessendem<br \/>\nAusbau auf der Feinhefe.<\/p>\n<h5>Daten<\/h5>\n<ul>\n<li>Trauben: <strong>Johanniter<\/strong><\/li>\n<li>Flascheninhalt: <strong>50 cl.<\/strong><\/li>\n<li>Trinkreife: <strong>1 &#8211; 4 Jahre<\/strong><\/li>\n<li>Alkoholgehalt: <strong>11.5 % vol.<\/strong><\/li>\n<li>Trinktemparatur <strong>10 &#8211; 12 Grad<\/strong><\/li>\n<li>Verschluss: <strong>Drehverschluss 30&#215;60<\/strong><\/li>\n<\/ul>\n","protected":false},"excerpt":{"rendered":"<h4>Johanniter<\/h4>\n<p class=\"big\">Jahrgang 2023<\/p>\n<h5 class=\"themecolor\">AOC Basellandschaft<\/h5>\n<p><strong>Flascheninhalt 50 cl.<\/strong><\/p>\n<p>Dieser kr\u00e4ftige und fruchtige Wein mit \u00c4hnlichkeit zum Riesling w\u00e4chst im h\u00f6chstgelegenen Rebberg des Kanton Basel-Landschaft. (600 m.\u00fc.M.).<\/p>\n","protected":false},"featured_media":1384,"template":"","meta":[],"product_brand":[],"product_cat":[17],"product_tag":[],"class_list":{"0":"post-1383","1":"product","2":"type-product","3":"status-publish","4":"has-post-thumbnail","6":"product_cat-weisswein","8":"first","9":"instock","10":"taxable","11":"shipping-taxable","12":"purchasable","13":"product-type-simple"},"_links":{"self":[{"href":"https:\/\/www.himmelluepfer.ch\/index.php\/wp-json\/wp\/v2\/product\/1383","targetHints":{"allow":["GET"]}}],"collection":[{"href":"https:\/\/www.himmelluepfer.ch\/index.php\/wp-json\/wp\/v2\/product"}],"about":[{"href":"https:\/\/www.himmelluepfer.ch\/index.php\/wp-json\/wp\/v2\/types\/product"}],"wp:featuredmedia":[{"embeddable":true,"href":"https:\/\/www.himmelluepfer.ch\/index.php\/wp-json\/wp\/v2\/media\/1384"}],"wp:attachment":[{"href":"https:\/\/www.himmelluepfer.ch\/index.php\/wp-json\/wp\/v2\/media?parent=1383"}],"wp:term":[{"taxonomy":"product_brand","embeddable":true,"href":"https:\/\/www.himmelluepfer.ch\/index.php\/wp-json\/wp\/v2\/product_brand?post=1383"},{"taxonomy":"product_cat","embeddable":true,"href":"https:\/\/www.himmelluepfer.ch\/index.php\/wp-json\/wp\/v2\/product_cat?post=1383"},{"taxonomy":"product_tag","embeddable":true,"href":"https:\/\/www.himmelluepfer.ch\/index.php\/wp-json\/wp\/v2\/product_tag?post=1383"}],"curies":[{"name":"wp","href":"https:\/\/api.w.org\/{rel}","templated":true}]}}